{"id":1219,"date":"2026-01-07T08:21:00","date_gmt":"2026-01-07T08:21:00","guid":{"rendered":"https:\/\/crewmedya.tr\/mega\/?page_id=1219"},"modified":"2026-01-07T09:49:28","modified_gmt":"2026-01-07T09:49:28","slug":"kariyer","status":"publish","type":"page","link":"https:\/\/crewmedya.tr\/mega\/kariyer\/","title":{"rendered":"Kariyer"},"content":{"rendered":"\t\t<div data-elementor-type=\"wp-page\" data-elementor-id=\"1219\" class=\"elementor elementor-1219\" data-elementor-post-type=\"page\">\n\t\t\t\t<div class=\"elementor-element elementor-element-fde8ef8 e-flex e-con-boxed e-con e-parent\" data-id=\"fde8ef8\" data-element_type=\"container\">\n\t\t\t\t\t<div class=\"e-con-inner\">\n\t\t\t\t<div class=\"elementor-element elementor-element-956e9db elementor-widget elementor-widget-shortcode\" data-id=\"956e9db\" data-element_type=\"widget\" data-widget_type=\"shortcode.default\">\n\t\t\t\t\t\t\t<div class=\"elementor-shortcode\">        <div class=\"mega-hr-form-wrapper\">\n                        <h2 class=\"mega-hr-form-title\">Ba\u015fvuru Formu<\/h2>\n                        \n            <form class=\"mega-hr-application-form\" method=\"post\" enctype=\"multipart\/form-data\" data-ajax=\"true\">\n                <input type=\"hidden\" name=\"nonce\" value=\"57df8e7576\">\n                \n                <!-- K\u0130\u015e\u0130SEL B\u0130LG\u0130LER - CV'YE KADAR HEPS\u0130 BURADA -->\n                <div class=\"form-section\">\n                    <h3 class=\"section-title-center\">Ki\u015fisel Bilgiler<\/h3>\n                    \n                    <!-- Ad Soyad -->\n                    <div class=\"form-group\">\n                        <label>Ad Soyad <span class=\"required\">*<\/span><\/label>\n                        <input type=\"text\" name=\"full_name\" placeholder=\"Ad, Soyad\" required>\n                    <\/div>\n                    \n                    <!-- Do\u011fum & Cinsiyet -->\n                    <div class=\"form-row\">\n                        <div class=\"form-group\">\n                            <label>Do\u011fum Tarihi<\/label>\n                            <input type=\"text\" name=\"birth_date\" placeholder=\"GG.AA.YYYY\">\n                        <\/div>\n                        <div class=\"form-group\">\n                            <label>Cinsiyet <span class=\"required\">*<\/span><\/label>\n                            <div class=\"button-group\">\n                                <label class=\"button-option\">\n                                    <input type=\"radio\" name=\"gender\" value=\"male\" required>\n                                    <span>Erkek<\/span>\n                                <\/label>\n                                <label class=\"button-option\">\n                                    <input type=\"radio\" name=\"gender\" value=\"female\">\n                                    <span>Kad\u0131n<\/span>\n                                <\/label>\n                            <\/div>\n                        <\/div>\n                    <\/div>\n                    \n                    <!-- Askerlik - Cinsiyet se\u00e7iminden hemen sonra, kad\u0131n se\u00e7ilince gizlenir -->\n                    <div class=\"form-row military-section\">\n                        <div class=\"form-group\">\n                            <label>Askerlik Durumu<\/label>\n                            <select name=\"military_status\">\n                                <option value=\"\">Se\u00e7iniz<\/option>\n                                <option value=\"yapti\">Yapt\u0131<\/option>\n                                <option value=\"tecilli\">Tecilli<\/option>\n                                <option value=\"muaf\">Muaf<\/option>\n                            <\/select>\n                        <\/div>\n                        <div class=\"form-group military-detail-field\" style=\"display:none\">\n                            <label>Tecil Tarihi \/ Muafiyet Sebebi<\/label>\n                            <input type=\"text\" name=\"military_detail\">\n                        <\/div>\n                    <\/div>\n                    \n                    <!-- Medeni Hal & E\u011fitim -->\n                    <div class=\"form-row\">\n                        <div class=\"form-group\">\n                            <label>Medeni Hali<\/label>\n                            <div class=\"button-group\">\n                                <label class=\"button-option\">\n                                    <input type=\"radio\" name=\"marital_status\" value=\"evli\">\n                                    <span>Evli<\/span>\n                                <\/label>\n                                <label class=\"button-option\">\n                                    <input type=\"radio\" name=\"marital_status\" value=\"bekar\">\n                                    <span>Bekar<\/span>\n                                <\/label>\n                            <\/div>\n                        <\/div>\n                        <div class=\"form-group\">\n                            <label>E\u011fitim Durumu <span class=\"required\">*<\/span><\/label>\n                            <div class=\"button-group button-group-multi\">\n                                <label class=\"button-option\"><input type=\"radio\" name=\"education_level\" value=\"Y\u00fcksek Lisans\" required><span>Y\u00fcksek Lisans<\/span><\/label>\n                                <label class=\"button-option\"><input type=\"radio\" name=\"education_level\" value=\"Lisans\"><span>Lisans<\/span><\/label>\n                                <label class=\"button-option\"><input type=\"radio\" name=\"education_level\" value=\"\u00d6n Lisans\"><span>\u00d6n Lisans<\/span><\/label>\n                                <label class=\"button-option\"><input type=\"radio\" name=\"education_level\" value=\"Lise\"><span>Lise<\/span><\/label>\n                                <label class=\"button-option\"><input type=\"radio\" name=\"education_level\" value=\"Ortaokul\"><span>Ortaokul<\/span><\/label>\n                            <\/div>\n                        <\/div>\n                    <\/div>\n                    \n                    <!-- Adres -->\n                    <div class=\"form-group\">\n                        <label>Adres<\/label>\n                        <textarea name=\"address\" rows=\"2\" placeholder=\"Adresinizi giriniz...\"><\/textarea>\n                    <\/div>\n                    \n                    <hr class=\"form-divider\">\n                    \n                    <!-- \u0130LET\u0130\u015e\u0130M -->\n                    <p class=\"subsection-title\">\u0130leti\u015fim Bilgileri<\/p>\n                    \n                    <div class=\"form-row\">\n                        <div class=\"form-group\">\n                            <label>Cep Telefonu <span class=\"required\">*<\/span><\/label>\n                            <input type=\"tel\" name=\"phone\" required placeholder=\"+90 5__ ___ __ __\">\n                        <\/div>\n                        <div class=\"form-group\">\n                            <label>Alternatif Telefon<\/label>\n                            <input type=\"tel\" name=\"alt_phone\" placeholder=\"+90 5xx xxx xx xx\">\n                        <\/div>\n                    <\/div>\n                    \n                    <div class=\"form-group\">\n                        <label>E-Posta <span class=\"required\">*<\/span><\/label>\n                        <input type=\"email\" name=\"email\" required placeholder=\"ornek@mail.com\">\n                    <\/div>\n                    \n                    <hr class=\"form-divider\">\n                    \n                    <!-- TERC\u0130HLER -->\n                    <p class=\"subsection-title\">Tercihler<\/p>\n                    \n                    <div class=\"form-group\">\n                        <label>\u00c7al\u0131\u015fmak istedi\u011finiz iller<\/label>\n                        <div class=\"button-group\">\n                            <label class=\"button-option checkbox-option\">\n                                <input type=\"checkbox\" name=\"preferred_cities[]\" value=\"\u0130stanbul\">\n                                <span>\u0130stanbul<\/span>\n                            <\/label>\n                            <label class=\"button-option checkbox-option\">\n                                <input type=\"checkbox\" name=\"preferred_cities[]\" value=\"Elaz\u0131\u011f\">\n                                <span>Elaz\u0131\u011f<\/span>\n                            <\/label>\n                        <\/div>\n                    <\/div>\n                    \n                    <div class=\"form-row\">\n                        <div class=\"form-group\">\n                            <label>Ehliyet<\/label>\n                            <div class=\"button-group\">\n                                <label class=\"button-option\"><input type=\"radio\" name=\"has_license\" value=\"yes\"><span>Var<\/span><\/label>\n                                <label class=\"button-option\"><input type=\"radio\" name=\"has_license\" value=\"no\"><span>Yok<\/span><\/label>\n                            <\/div>\n                        <\/div>\n                        <div class=\"form-group license-type-field\" style=\"display:none\">\n                            <label>Ehliyet Tipi<\/label>\n                            <input type=\"text\" name=\"license_type\" placeholder=\"B, A2, C vb.\">\n                        <\/div>\n                    <\/div>\n                    \n                    <div class=\"form-row\">\n                        <div class=\"form-group\">\n                            <label>Engeliniz var m\u0131?<\/label>\n                            <div class=\"button-group\">\n                                <label class=\"button-option\"><input type=\"radio\" name=\"has_disability\" value=\"yes\"><span>Var<\/span><\/label>\n                                <label class=\"button-option\"><input type=\"radio\" name=\"has_disability\" value=\"no\"><span>Yok<\/span><\/label>\n                            <\/div>\n                        <\/div>\n                        <div class=\"form-group disability-detail-field\" style=\"display:none\">\n                            <label>Engel Durumu<\/label>\n                            <input type=\"text\" name=\"disability_detail\">\n                        <\/div>\n                    <\/div>\n                    \n                    <hr class=\"form-divider\">\n                    \n                    <!-- MESAJ & CV -->\n                    <p class=\"subsection-title\">Ek Bilgiler<\/p>\n                    \n                    <div class=\"form-group\">\n                        <label>Bize \u0130letmek \u0130stedikleriniz<\/label>\n                        <textarea name=\"message\" rows=\"3\"><\/textarea>\n                    <\/div>\n                    \n                    <div class=\"form-group\">\n                        <label>CV Y\u00fckleyin (.pdf)<\/label>\n                        <input type=\"file\" name=\"cv_file\" accept=\".pdf\">\n                    <\/div>\n                <\/div>\n                \n                <!-- OKULUN B\u0130LG\u0130LER\u0130 -->\n                <div class=\"form-section\">\n                    <h3 class=\"section-title-center\">Okulun Bilgileri<\/h3>\n                    <p class=\"section-note\">* Sadece okudu\u011funuz\/mezun oldu\u011funuz okullar\u0131 doldurunuz.<\/p>\n                    \n                    <div class=\"table-responsive\">\n                        <table class=\"static-table\">\n                            <thead>\n                                <tr>\n                                    <th>Okullar<\/th>\n                                    <th>Okulun Ad\u0131<\/th>\n                                    <th>B\u00f6l\u00fcm\u00fc<\/th>\n                                    <th>Giri\u015f - Mezuniyet<\/th>\n                                    <th>Derece<\/th>\n                                <\/tr>\n                            <\/thead>\n                            <tbody>\n                                <tr>\n                                    <td class=\"row-label\">\u0130lk\u00f6\u011fretim<\/td>\n                                    <td><input type=\"text\" name=\"education_history[ilkogretim][name]\"><\/td>\n                                    <td><input type=\"text\" name=\"education_history[ilkogretim][department]\"><\/td>\n                                    <td><input type=\"text\" name=\"education_history[ilkogretim][date]\"><\/td>\n                                    <td><input type=\"text\" name=\"education_history[ilkogretim][grade]\"><\/td>\n                                <\/tr>\n                                <tr>\n                                    <td class=\"row-label\">Lise<\/td>\n                                    <td><input type=\"text\" name=\"education_history[lise][name]\"><\/td>\n                                    <td><input type=\"text\" name=\"education_history[lise][department]\"><\/td>\n                                    <td><input type=\"text\" name=\"education_history[lise][date]\"><\/td>\n                                    <td><input type=\"text\" name=\"education_history[lise][grade]\"><\/td>\n                                <\/tr>\n                                <tr>\n                                    <td class=\"row-label\">Y\u00fcksek Okul<\/td>\n                                    <td><input type=\"text\" name=\"education_history[yuksekokul][name]\"><\/td>\n                                    <td><input type=\"text\" name=\"education_history[yuksekokul][department]\"><\/td>\n                                    <td><input type=\"text\" name=\"education_history[yuksekokul][date]\"><\/td>\n                                    <td><input type=\"text\" name=\"education_history[yuksekokul][grade]\"><\/td>\n                                <\/tr>\n                                <tr>\n                                    <td class=\"row-label\">\u00dcniversite<\/td>\n                                    <td><input type=\"text\" name=\"education_history[universite][name]\"><\/td>\n                                    <td><input type=\"text\" name=\"education_history[universite][department]\"><\/td>\n                                    <td><input type=\"text\" name=\"education_history[universite][date]\"><\/td>\n                                    <td><input type=\"text\" name=\"education_history[universite][grade]\"><\/td>\n                                <\/tr>\n                                <tr>\n                                    <td class=\"row-label\">Y\u00fcksek Lisans<\/td>\n                                    <td><input type=\"text\" name=\"education_history[yukseklisans][name]\"><\/td>\n                                    <td><input type=\"text\" name=\"education_history[yukseklisans][department]\"><\/td>\n                                    <td><input type=\"text\" name=\"education_history[yukseklisans][date]\"><\/td>\n                                    <td><input type=\"text\" name=\"education_history[yukseklisans][grade]\"><\/td>\n                                <\/tr>\n                            <\/tbody>\n                        <\/table>\n                    <\/div>\n                <\/div>\n                \n                <!-- KURS VE SEM\u0130NERLER -->\n                <div class=\"form-section\">\n                    <h3 class=\"section-title-center\">Kurs ve Seminerler<\/h3>\n                    \n                    <div class=\"table-responsive\">\n                        <table class=\"dynamic-table\">\n                            <thead>\n                                <tr>\n                                    <th>Program Ad\u0131<\/th>\n                                    <th>Tarihi<\/th>\n                                    <th>S\u00fcresi<\/th>\n                                    <th>Veren Kurulu\u015f<\/th>\n                                    <th>Sonu\u00e7<\/th>\n                                    <th class=\"col-actions\">\u0130\u015flem<\/th>\n                                <\/tr>\n                            <\/thead>\n                            <tbody>\n                                <tr>\n                                    <td><input type=\"text\" name=\"courses[0][name]\"><\/td>\n                                    <td><input type=\"text\" name=\"courses[0][date]\" placeholder=\"2024\"><\/td>\n                                    <td><input type=\"text\" name=\"courses[0][duration]\"><\/td>\n                                    <td><input type=\"text\" name=\"courses[0][institution]\"><\/td>\n                                    <td><input type=\"text\" name=\"courses[0][result]\"><\/td>\n                                    <td class=\"col-actions\">\n                                        <button type=\"button\" class=\"add-row-btn\" style=\"color:#fff!important;\">+<\/button>\n                                        <button type=\"button\" class=\"remove-row-btn\" style=\"color:#fff!important;\">\u2212<\/button>\n                                    <\/td>\n                                <\/tr>\n                            <\/tbody>\n                        <\/table>\n                    <\/div>\n                <\/div>\n                \n                <!-- YABANCI D\u0130LLER -->\n                <div class=\"form-section\">\n                    <h3 class=\"section-title-center\">Yabanc\u0131 Diller<\/h3>\n                    \n                    <div class=\"table-responsive\">\n                        <table class=\"dynamic-table\">\n                            <thead>\n                                <tr>\n                                    <th>Yabanc\u0131 Dil<\/th>\n                                    <th>Konu\u015fma<\/th>\n                                    <th>Okuma<\/th>\n                                    <th>Yazma<\/th>\n                                    <th>A\u00e7\u0131klama<\/th>\n                                    <th class=\"col-actions\">\u0130\u015flem<\/th>\n                                <\/tr>\n                            <\/thead>\n                            <tbody>\n                                <tr>\n                                    <td><input type=\"text\" name=\"languages[0][language]\"><\/td>\n                                    <td><input type=\"text\" name=\"languages[0][speaking]\" placeholder=\"\u0130yi\/Orta\/Zay\u0131f\"><\/td>\n                                    <td><input type=\"text\" name=\"languages[0][reading]\" placeholder=\"\u0130yi\/Orta\/Zay\u0131f\"><\/td>\n                                    <td><input type=\"text\" name=\"languages[0][writing]\" placeholder=\"\u0130yi\/Orta\/Zay\u0131f\"><\/td>\n                                    <td><input type=\"text\" name=\"languages[0][note]\"><\/td>\n                                    <td class=\"col-actions\">\n                                        <button type=\"button\" class=\"add-row-btn\" style=\"color:#fff!important;\">+<\/button>\n                                        <button type=\"button\" class=\"remove-row-btn\" style=\"color:#fff!important;\">\u2212<\/button>\n                                    <\/td>\n                                <\/tr>\n                            <\/tbody>\n                        <\/table>\n                    <\/div>\n                <\/div>\n                \n                <!-- B\u0130LG\u0130SAYAR B\u0130LG\u0130S\u0130 -->\n                <div class=\"form-section\">\n                    <h3 class=\"section-title-center\">Bilgisayar Bilgisi<\/h3>\n                    \n                    <div class=\"table-responsive\">\n                        <table class=\"dynamic-table\">\n                            <thead>\n                                <tr>\n                                    <th>Program Ad\u0131<\/th>\n                                    <th>Deneyim<\/th>\n                                    <th class=\"col-actions\">\u0130\u015flem<\/th>\n                                <\/tr>\n                            <\/thead>\n                            <tbody>\n                                <tr>\n                                    <td><input type=\"text\" name=\"computer_skills[0][program]\"><\/td>\n                                    <td>\n                                        <select name=\"computer_skills[0][level]\">\n                                            <option value=\"\">Se\u00e7iniz<\/option>\n                                            <option value=\"Ba\u015flang\u0131\u00e7\">Ba\u015flang\u0131\u00e7<\/option>\n                                            <option value=\"Orta\">Orta<\/option>\n                                            <option value=\"\u0130leri\">\u0130leri<\/option>\n                                            <option value=\"Uzman\">Uzman<\/option>\n                                        <\/select>\n                                    <\/td>\n                                    <td class=\"col-actions\">\n                                        <button type=\"button\" class=\"add-row-btn\" style=\"color:#fff!important;\">+<\/button>\n                                        <button type=\"button\" class=\"remove-row-btn\" style=\"color:#fff!important;\">\u2212<\/button>\n                                    <\/td>\n                                <\/tr>\n                            <\/tbody>\n                        <\/table>\n                    <\/div>\n                <\/div>\n                \n                <!-- \u0130\u015e DENEY\u0130M\u0130 -->\n                <div class=\"form-section\">\n                    <h3 class=\"section-title-center\">\u0130\u015f - Staj Deneyimi<\/h3>\n                    \n                    <div class=\"table-responsive\">\n                        <table class=\"dynamic-table\">\n                            <thead>\n                                <tr>\n                                    <th>\u015eirket Ad\u0131<\/th>\n                                    <th>B\u00f6l\u00fcm \/ Unvan<\/th>\n                                    <th>Tarih Aral\u0131\u011f\u0131<\/th>\n                                    <th>Ayr\u0131lma Sebebi<\/th>\n                                    <th class=\"col-actions\">\u0130\u015flem<\/th>\n                                <\/tr>\n                            <\/thead>\n                            <tbody>\n                                <tr>\n                                    <td><input type=\"text\" name=\"work_experience[0][company]\"><\/td>\n                                    <td><input type=\"text\" name=\"work_experience[0][position]\"><\/td>\n                                    <td><input type=\"text\" name=\"work_experience[0][date]\"><\/td>\n                                    <td><input type=\"text\" name=\"work_experience[0][leave_reason]\"><\/td>\n                                    <td class=\"col-actions\">\n                                        <button type=\"button\" class=\"add-row-btn\" style=\"color:#fff!important;\">+<\/button>\n                                        <button type=\"button\" class=\"remove-row-btn\" style=\"color:#fff!important;\">\u2212<\/button>\n                                    <\/td>\n                                <\/tr>\n                            <\/tbody>\n                        <\/table>\n                    <\/div>\n                <\/div>\n                \n                <!-- REFERANSLAR -->\n                <div class=\"form-section\">\n                    <h3 class=\"section-title-center\">Referanslar\u0131n\u0131z<\/h3>\n                    \n                    <div class=\"table-responsive\">\n                        <table class=\"dynamic-table\">\n                            <thead>\n                                <tr>\n                                    <th>Ad\u0131 Soyad\u0131<\/th>\n                                    <th>\u015eirket ve Unvan\u0131<\/th>\n                                    <th>Telefonu<\/th>\n                                    <th>Birlikte \u00c7al\u0131\u015fma S\u00fcresi<\/th>\n                                    <th class=\"col-actions\">\u0130\u015flem<\/th>\n                                <\/tr>\n                            <\/thead>\n                            <tbody>\n                                <tr>\n                                    <td><input type=\"text\" name=\"references_info[0][name]\"><\/td>\n                                    <td><input type=\"text\" name=\"references_info[0][company]\"><\/td>\n                                    <td><input type=\"text\" name=\"references_info[0][phone]\"><\/td>\n                                    <td><input type=\"text\" name=\"references_info[0][duration]\"><\/td>\n                                    <td class=\"col-actions\">\n                                        <button type=\"button\" class=\"add-row-btn\" style=\"color:#fff!important;\">+<\/button>\n                                        <button type=\"button\" class=\"remove-row-btn\" style=\"color:#fff!important;\">\u2212<\/button>\n                                    <\/td>\n                                <\/tr>\n                            <\/tbody>\n                        <\/table>\n                    <\/div>\n                <\/div>\n                \n                <!-- KVKK -->\n                <div class=\"form-section\">\n                    <div class=\"form-group\">\n                        <label class=\"checkbox-label kvkk-label\">\n                            <input type=\"checkbox\" name=\"kvkk_consent\" required>\n                            <a href=\"\/kvkk\" target=\"_blank\">KVKK Ayd\u0131nlatma Metni<\/a>'ni okudum ve kabul ediyorum.\n                        <\/label>\n                    <\/div>\n                <\/div>\n                \n                <div class=\"form-actions\">\n                    <button type=\"submit\" class=\"submit-btn\">Ba\u015fvuruyu G\u00f6nder<\/button>\n                <\/div>\n            <\/form>\n        <\/div>\n        <\/div>\n\t\t\t\t\t\t<\/div>\n\t\t\t\t\t<\/div>\n\t\t\t\t<\/div>\n\t\t<div class=\"elementor-element elementor-element-4d5ed19 e-flex e-con-boxed e-con e-parent\" data-id=\"4d5ed19\" data-element_type=\"container\">\n\t\t\t\t\t<div class=\"e-con-inner\">\n\t\t\t\t\t<\/div>\n\t\t\t\t<\/div>\n\t\t\t\t<\/div>\n\t\t","protected":false},"excerpt":{"rendered":"","protected":false},"author":1,"featured_media":0,"parent":0,"menu_order":0,"comment_status":"closed","ping_status":"closed","template":"","meta":{"footnotes":""},"class_list":["post-1219","page","type-page","status-publish","hentry"],"_links":{"self":[{"href":"https:\/\/crewmedya.tr\/mega\/wp-json\/wp\/v2\/pages\/1219","targetHints":{"allow":["GET"]}}],"collection":[{"href":"https:\/\/crewmedya.tr\/mega\/wp-json\/wp\/v2\/pages"}],"about":[{"href":"https:\/\/crewmedya.tr\/mega\/wp-json\/wp\/v2\/types\/page"}],"author":[{"embeddable":true,"href":"https:\/\/crewmedya.tr\/mega\/wp-json\/wp\/v2\/users\/1"}],"replies":[{"embeddable":true,"href":"https:\/\/crewmedya.tr\/mega\/wp-json\/wp\/v2\/comments?post=1219"}],"version-history":[{"count":22,"href":"https:\/\/crewmedya.tr\/mega\/wp-json\/wp\/v2\/pages\/1219\/revisions"}],"predecessor-version":[{"id":1241,"href":"https:\/\/crewmedya.tr\/mega\/wp-json\/wp\/v2\/pages\/1219\/revisions\/1241"}],"wp:attachment":[{"href":"https:\/\/crewmedya.tr\/mega\/wp-json\/wp\/v2\/media?parent=1219"}],"curies":[{"name":"wp","href":"https:\/\/api.w.org\/{rel}","templated":true}]}}